{"id":41,"date":"2024-09-04T17:24:00","date_gmt":"2024-09-04T15:24:00","guid":{"rendered":"https:\/\/sivom.sivomdeboussieres.fr\/?page_id=41"},"modified":"2025-04-03T18:39:12","modified_gmt":"2025-04-03T16:39:12","slug":"le-sivom","status":"publish","type":"page","link":"https:\/\/sivom.sivomdeboussieres.fr\/index.php\/le-sivom\/","title":{"rendered":"LE SIVOM"},"content":{"rendered":"\n<h1 class=\"wp-block-heading has-text-align-center\">L\u2019histoire du SIVOM<\/h1>\n\n\n\n<div class=\"wp-block-group alignfull is-content-justification-center is-nowrap is-layout-flex wp-container-core-group-is-layout-23441af8 wp-block-group-is-layout-flex\">\n<p class=\"has-background wp-container-content-f22b2ade\" style=\"background-color:#f5f5f5;margin-right:0;margin-left:0\">Le SIVOM de Boussi\u00e8res est un syndicat \u00e0 la carte, avec une comp\u00e9tence obligatoire : l&rsquo;entretien g\u00e9n\u00e9ral des communes, et des comp\u00e9tences optionnelles. <br><br>Il joue un r\u00f4le essentiel dans le bon fonctionnement et la gestion des services publics locaux pour ses communes membres. Depuis sa cr\u00e9ation en 1977, cet \u00e9tablissement public \u00e0 caract\u00e8re intercommunal a su r\u00e9pondre aux besoins collectifs en mutualisant des comp\u00e9tences vari\u00e9es, souvent indispensables au quotidien des habitants.<br><br>Le SIVOM permet aux communes de b\u00e9n\u00e9ficier d&rsquo;une meilleure gestion des services publics, tout en optimisant les ressources disponibles.<\/p>\n\n\n\n<figure class=\"wp-block-image size-full is-resized\"><img loading=\"lazy\" decoding=\"async\" width=\"1928\" height=\"2560\" src=\"https:\/\/sivom.sivomdeboussieres.fr\/wp-content\/uploads\/2024\/09\/1718290091740-scaled.jpg\" alt=\"\" class=\"wp-image-321\" style=\"width:492px;height:auto\" srcset=\"https:\/\/sivom.sivomdeboussieres.fr\/wp-content\/uploads\/2024\/09\/1718290091740-scaled.jpg 1928w, https:\/\/sivom.sivomdeboussieres.fr\/wp-content\/uploads\/2024\/09\/1718290091740-226x300.jpg 226w, https:\/\/sivom.sivomdeboussieres.fr\/wp-content\/uploads\/2024\/09\/1718290091740-771x1024.jpg 771w, https:\/\/sivom.sivomdeboussieres.fr\/wp-content\/uploads\/2024\/09\/1718290091740-768x1020.jpg 768w, https:\/\/sivom.sivomdeboussieres.fr\/wp-content\/uploads\/2024\/09\/1718290091740-1157x1536.jpg 1157w, https:\/\/sivom.sivomdeboussieres.fr\/wp-content\/uploads\/2024\/09\/1718290091740-1542x2048.jpg 1542w\" sizes=\"auto, (max-width: 1928px) 100vw, 1928px\" \/><\/figure>\n<\/div>\n\n\n\n<h2 class=\"wp-block-heading\">Les comp\u00e9tences couvertes par le SIVOM incluent :<\/h2>\n\n\n\n<div class=\"wp-block-group alignwide is-nowrap is-layout-flex wp-container-core-group-is-layout-6c531013 wp-block-group-is-layout-flex\">\n<figure class=\"wp-block-video\"><video height=\"1080\" style=\"aspect-ratio: 1920 \/ 1080;\" width=\"1920\" autoplay loop muted src=\"https:\/\/sivom.sivomdeboussieres.fr\/wp-content\/uploads\/2025\/03\/Guy-cote.mp4\" playsinline><\/video><\/figure>\n\n\n\n<ul style=\"padding-top:0;padding-bottom:0\" class=\"wp-block-list\">\n<li>Entretien g\u00e9n\u00e9ral des communes (voirie, b\u00e2timents et lieux publics, espaces verts et for\u00eats)<br><\/li>\n\n\n\n<li>Gestion des infrastructures de production et de distribution d\u2019eau potable<br><\/li>\n\n\n\n<li>Exploitation des syst\u00e8mes de traitement des eaux us\u00e9es<br><\/li>\n\n\n\n<li>D\u00e9neigement et salage des voies publiques<br><\/li>\n\n\n\n<li>Services de secr\u00e9tariat de mairie et gestion comptable pour les communes<\/li>\n<\/ul>\n<\/div>\n\n\n\n<h2 class=\"wp-block-heading\">Le SIVOM intervient sur 10 communes<\/h2>\n\n\n\n<div class=\"wp-block-group is-nowrap is-layout-flex wp-container-core-group-is-layout-6c531013 wp-block-group-is-layout-flex\">\n<p class=\"has-background wp-container-content-432d1f4f\" style=\"background-color:#f5f5f5;margin-right:0;margin-left:0\">En \u00e9largissant leur champ d&rsquo;action, les agents interviennent d\u00e9sormais dans<mark style=\"background-color:rgba(0, 0, 0, 0)\" class=\"has-inline-color has-ast-global-color-1-color\"> <\/mark><strong>10 communes<\/strong> du Doubs, \u00e0 savoir : Abbans-Dessous, Abbans-Dessus, Boussi\u00e8res, Busy, Larnod, Osselle-Routelle, Rancenay, Thoraise, Torpes, et Vorges-les-Pins.<\/p>\n\n\n\n<figure class=\"wp-block-image size-full is-resized\"><img loading=\"lazy\" decoding=\"async\" width=\"571\" height=\"488\" src=\"https:\/\/sivom.sivomdeboussieres.fr\/wp-content\/uploads\/2024\/09\/carte_communes.png\" alt=\"\" class=\"wp-image-149\" style=\"box-shadow:none;width:459px;height:auto\" srcset=\"https:\/\/sivom.sivomdeboussieres.fr\/wp-content\/uploads\/2024\/09\/carte_communes.png 571w, https:\/\/sivom.sivomdeboussieres.fr\/wp-content\/uploads\/2024\/09\/carte_communes-300x256.png 300w\" sizes=\"auto, (max-width: 571px) 100vw, 571px\" \/><\/figure>\n<\/div>\n\n\n\n<h2 class=\"wp-block-heading\">Fonctionnement<\/h2>\n\n\n\n<div class=\"wp-block-group is-nowrap is-layout-flex wp-container-core-group-is-layout-6c531013 wp-block-group-is-layout-flex\">\n<p class=\"has-background wp-container-content-432d1f4f\" style=\"background-color:#f5f5f5;margin-right:0;margin-left:0\">Le SIVOM est dirig\u00e9 par un <strong>comit\u00e9 syndical<\/strong> compos\u00e9 de repr\u00e9sentants des communes membres, qui sont des \u00e9lus municipaux. <br><br>Chaque commune dispose d&rsquo;un certain nombre de si\u00e8ges en fonction des comp\u00e9tences choisies et de sa population. <br><br>Le comit\u00e9 se r\u00e9unit quatre fois par an pour d\u00e9cider des actions \u00e0 mener, voter les budgets et approuver les projets.<\/p>\n\n\n\n<figure class=\"wp-block-image size-large\"><img loading=\"lazy\" decoding=\"async\" width=\"1024\" height=\"576\" src=\"https:\/\/sivom.sivomdeboussieres.fr\/wp-content\/uploads\/2025\/03\/reunion-SIVOM-1024x576.jpeg\" alt=\"\" class=\"wp-image-520\" srcset=\"https:\/\/sivom.sivomdeboussieres.fr\/wp-content\/uploads\/2025\/03\/reunion-SIVOM-1024x576.jpeg 1024w, https:\/\/sivom.sivomdeboussieres.fr\/wp-content\/uploads\/2025\/03\/reunion-SIVOM-300x169.jpeg 300w, https:\/\/sivom.sivomdeboussieres.fr\/wp-content\/uploads\/2025\/03\/reunion-SIVOM-768x432.jpeg 768w, https:\/\/sivom.sivomdeboussieres.fr\/wp-content\/uploads\/2025\/03\/reunion-SIVOM-1536x864.jpeg 1536w, https:\/\/sivom.sivomdeboussieres.fr\/wp-content\/uploads\/2025\/03\/reunion-SIVOM.jpeg 1920w\" sizes=\"auto, (max-width: 1024px) 100vw, 1024px\" \/><\/figure>\n<\/div>\n\n\n\n<h2 class=\"wp-block-heading\">Financement<\/h2>\n\n\n\n<div class=\"wp-block-group is-nowrap is-layout-flex wp-container-core-group-is-layout-6c531013 wp-block-group-is-layout-flex\">\n<p class=\"has-background wp-container-content-432d1f4f\" style=\"background-color:#f5f5f5;margin-right:0;margin-left:0\">Le financement du SIVOM repose principalement sur les contributions des communes membres, calcul\u00e9es en fonction des heures de services dont elles b\u00e9n\u00e9ficient. Des subventions ou financements sp\u00e9cifiques peuvent \u00e9galement \u00eatre obtenus pour certains projets.<\/p>\n\n\n\n<figure class=\"wp-block-image size-full is-resized\"><img loading=\"lazy\" decoding=\"async\" width=\"1928\" height=\"2560\" src=\"https:\/\/sivom.sivomdeboussieres.fr\/wp-content\/uploads\/2025\/03\/1718290091732-scaled.jpg\" alt=\"\" class=\"wp-image-581\" style=\"box-shadow:none;width:459px;height:auto\" srcset=\"https:\/\/sivom.sivomdeboussieres.fr\/wp-content\/uploads\/2025\/03\/1718290091732-scaled.jpg 1928w, https:\/\/sivom.sivomdeboussieres.fr\/wp-content\/uploads\/2025\/03\/1718290091732-226x300.jpg 226w, https:\/\/sivom.sivomdeboussieres.fr\/wp-content\/uploads\/2025\/03\/1718290091732-771x1024.jpg 771w, https:\/\/sivom.sivomdeboussieres.fr\/wp-content\/uploads\/2025\/03\/1718290091732-768x1020.jpg 768w, https:\/\/sivom.sivomdeboussieres.fr\/wp-content\/uploads\/2025\/03\/1718290091732-1157x1536.jpg 1157w, https:\/\/sivom.sivomdeboussieres.fr\/wp-content\/uploads\/2025\/03\/1718290091732-1542x2048.jpg 1542w\" sizes=\"auto, (max-width: 1928px) 100vw, 1928px\" \/><\/figure>\n<\/div>\n\n\n\n<p><\/p>\n\n\n\n<h2 class=\"wp-block-heading\">Avantages<\/h2>\n\n\n\n<div class=\"wp-block-group is-nowrap is-layout-flex wp-container-core-group-is-layout-6c531013 wp-block-group-is-layout-flex\">\n<p class=\"has-background\" style=\"background-color:#f5f5f5;margin-right:0;margin-left:0\"><strong>Mutualisation des co\u00fbts<\/strong> : Permet de r\u00e9aliser des \u00e9conomies d\u2019\u00e9chelle en partageant les co\u00fbts des services communs.<br><br><strong>Am\u00e9lioration des services<\/strong> : Les petites communes peuvent b\u00e9n\u00e9ficier de services de qualit\u00e9 qu\u2019elles ne pourraient pas financer seules.<br><br><strong>Gestion optimis\u00e9e<\/strong> : Les projets sont coordonn\u00e9s \u00e0 une \u00e9chelle plus large, facilitant la planification et l\u2019efficacit\u00e9.<\/p>\n\n\n\n<figure class=\"wp-block-video\"><video height=\"1080\" style=\"aspect-ratio: 1920 \/ 1080;\" width=\"1920\" autoplay loop muted src=\"https:\/\/sivom.sivomdeboussieres.fr\/wp-content\/uploads\/2025\/03\/Guy-arriere.mp4\" playsinline><\/video><\/figure>\n<\/div>\n\n\n\n<p><\/p>\n","protected":false},"excerpt":{"rendered":"<p>L\u2019histoire du SIVOM Le SIVOM de Boussi\u00e8res est un syndicat \u00e0 la carte, avec une comp\u00e9tence obligatoire : l&rsquo;entretien g\u00e9n\u00e9ral des communes, et des comp\u00e9tences optionnelles. Il joue un r\u00f4le essentiel dans le bon fonctionnement et la gestion des services publics locaux pour ses communes membres. Depuis sa cr\u00e9ation en 1977, cet \u00e9tablissement public \u00e0 [&hellip;]<\/p>\n","protected":false},"author":1,"featured_media":0,"parent":0,"menu_order":0,"comment_status":"closed","ping_status":"closed","template":"","meta":{"_eb_attr":"","site-sidebar-layout":"default","site-content-layout":"","ast-site-content-layout":"","site-content-style":"default","site-sidebar-style":"default","ast-global-header-display":"","ast-banner-title-visibility":"","ast-main-header-display":"","ast-hfb-above-header-display":"","ast-hfb-below-header-display":"","ast-hfb-mobile-header-display":"","site-post-title":"disabled","ast-breadcrumbs-content":"","ast-featured-img":"","footer-sml-layout":"","theme-transparent-header-meta":"","adv-header-id-meta":"","stick-header-meta":"","header-above-stick-meta":"","header-main-stick-meta":"","header-below-stick-meta":"","astra-migrate-meta-layouts":"default","ast-page-background-enabled":"default","ast-page-background-meta":{"desktop":{"background-color":"var(--ast-global-color-4)","background-image":"","background-repeat":"repeat","background-position":"center center","background-size":"auto","background-attachment":"scroll","background-type":"","background-media":"","overlay-type":"","overlay-color":"","overlay-opacity":"","overlay-gradient":""},"tablet":{"background-color":"","background-image":"","background-repeat":"repeat","background-position":"center center","background-size":"auto","background-attachment":"scroll","background-type":"","background-media":"","overlay-type":"","overlay-color":"","overlay-opacity":"","overlay-gradient":""},"mobile":{"background-color":"","background-image":"","background-repeat":"repeat","background-position":"center center","background-size":"auto","background-attachment":"scroll","background-type":"","background-media":"","overlay-type":"","overlay-color":"","overlay-opacity":"","overlay-gradient":""}},"ast-content-background-meta":{"desktop":{"background-color":"var(--ast-global-color-5)","background-image":"","background-repeat":"repeat","background-position":"center center","background-size":"auto","background-attachment":"scroll","background-type":"","background-media":"","overlay-type":"","overlay-color":"","overlay-opacity":"","overlay-gradient":""},"tablet":{"background-color":"var(--ast-global-color-5)","background-image":"","background-repeat":"repeat","background-position":"center center","background-size":"auto","background-attachment":"scroll","background-type":"","background-media":"","overlay-type":"","overlay-color":"","overlay-opacity":"","overlay-gradient":""},"mobile":{"background-color":"var(--ast-global-color-5)","background-image":"","background-repeat":"repeat","background-position":"center center","background-size":"auto","background-attachment":"scroll","background-type":"","background-media":"","overlay-type":"","overlay-color":"","overlay-opacity":"","overlay-gradient":""}},"footnotes":""},"class_list":["post-41","page","type-page","status-publish","hentry"],"yoast_head":"<!-- This site is optimized with the Yoast SEO plugin v24.8 - https:\/\/yoast.com\/wordpress\/plugins\/seo\/ -->\n<title>LE SIVOM<\/title>\n<meta name=\"robots\" content=\"index, follow, max-snippet:-1, max-image-preview:large, max-video-preview:-1\" \/>\n<link rel=\"canonical\" href=\"https:\/\/sivom.sivomdeboussieres.fr\/index.php\/le-sivom\/\" \/>\n<meta property=\"og:locale\" content=\"fr_FR\" \/>\n<meta property=\"og:type\" content=\"article\" \/>\n<meta property=\"og:title\" content=\"LE SIVOM\" \/>\n<meta property=\"og:description\" content=\"L\u2019histoire du SIVOM Le SIVOM de Boussi\u00e8res est un syndicat \u00e0 la carte, avec une comp\u00e9tence obligatoire : l&rsquo;entretien g\u00e9n\u00e9ral des communes, et des comp\u00e9tences optionnelles. Il joue un r\u00f4le essentiel dans le bon fonctionnement et la gestion des services publics locaux pour ses communes membres. Depuis sa cr\u00e9ation en 1977, cet \u00e9tablissement public \u00e0 [&hellip;]\" \/>\n<meta property=\"og:url\" content=\"https:\/\/sivom.sivomdeboussieres.fr\/index.php\/le-sivom\/\" \/>\n<meta property=\"og:site_name\" content=\"SIVOM de Boussi\u00e8res\" \/>\n<meta property=\"article:modified_time\" content=\"2025-04-03T16:39:12+00:00\" \/>\n<meta property=\"og:image\" content=\"https:\/\/sivom.sivomdeboussieres.fr\/wp-content\/uploads\/2024\/09\/1718290091740-scaled.jpg\" \/>\n\t<meta property=\"og:image:width\" content=\"1928\" \/>\n\t<meta property=\"og:image:height\" content=\"2560\" \/>\n\t<meta property=\"og:image:type\" content=\"image\/jpeg\" \/>\n<meta name=\"twitter:card\" content=\"summary_large_image\" \/>\n<meta name=\"twitter:label1\" content=\"Dur\u00e9e de lecture estim\u00e9e\" \/>\n\t<meta name=\"twitter:data1\" content=\"3 minutes\" \/>\n<script type=\"application\/ld+json\" class=\"yoast-schema-graph\">{\"@context\":\"https:\/\/schema.org\",\"@graph\":[{\"@type\":\"WebPage\",\"@id\":\"https:\/\/sivom.sivomdeboussieres.fr\/index.php\/le-sivom\/\",\"url\":\"https:\/\/sivom.sivomdeboussieres.fr\/index.php\/le-sivom\/\",\"name\":\"LE SIVOM\",\"isPartOf\":{\"@id\":\"https:\/\/sivom.sivomdeboussieres.fr\/#website\"},\"primaryImageOfPage\":{\"@id\":\"https:\/\/sivom.sivomdeboussieres.fr\/index.php\/le-sivom\/#primaryimage\"},\"image\":{\"@id\":\"https:\/\/sivom.sivomdeboussieres.fr\/index.php\/le-sivom\/#primaryimage\"},\"thumbnailUrl\":\"https:\/\/sivom.sivomdeboussieres.fr\/wp-content\/uploads\/2024\/09\/1718290091740-scaled.jpg\",\"datePublished\":\"2024-09-04T15:24:00+00:00\",\"dateModified\":\"2025-04-03T16:39:12+00:00\",\"breadcrumb\":{\"@id\":\"https:\/\/sivom.sivomdeboussieres.fr\/index.php\/le-sivom\/#breadcrumb\"},\"inLanguage\":\"fr-FR\",\"potentialAction\":[{\"@type\":\"ReadAction\",\"target\":[\"https:\/\/sivom.sivomdeboussieres.fr\/index.php\/le-sivom\/\"]}]},{\"@type\":\"ImageObject\",\"inLanguage\":\"fr-FR\",\"@id\":\"https:\/\/sivom.sivomdeboussieres.fr\/index.php\/le-sivom\/#primaryimage\",\"url\":\"https:\/\/sivom.sivomdeboussieres.fr\/wp-content\/uploads\/2024\/09\/1718290091740-scaled.jpg\",\"contentUrl\":\"https:\/\/sivom.sivomdeboussieres.fr\/wp-content\/uploads\/2024\/09\/1718290091740-scaled.jpg\",\"width\":1928,\"height\":2560},{\"@type\":\"BreadcrumbList\",\"@id\":\"https:\/\/sivom.sivomdeboussieres.fr\/index.php\/le-sivom\/#breadcrumb\",\"itemListElement\":[{\"@type\":\"ListItem\",\"position\":1,\"name\":\"Accueil\",\"item\":\"https:\/\/sivom.sivomdeboussieres.fr\/\"},{\"@type\":\"ListItem\",\"position\":2,\"name\":\"LE SIVOM\"}]},{\"@type\":\"WebSite\",\"@id\":\"https:\/\/sivom.sivomdeboussieres.fr\/#website\",\"url\":\"https:\/\/sivom.sivomdeboussieres.fr\/\",\"name\":\"SIVOM de Boussi\u00e8res\",\"description\":\"Au service des communes depuis\",\"publisher\":{\"@id\":\"https:\/\/sivom.sivomdeboussieres.fr\/#organization\"},\"potentialAction\":[{\"@type\":\"SearchAction\",\"target\":{\"@type\":\"EntryPoint\",\"urlTemplate\":\"https:\/\/sivom.sivomdeboussieres.fr\/?s={search_term_string}\"},\"query-input\":{\"@type\":\"PropertyValueSpecification\",\"valueRequired\":true,\"valueName\":\"search_term_string\"}}],\"inLanguage\":\"fr-FR\"},{\"@type\":\"Organization\",\"@id\":\"https:\/\/sivom.sivomdeboussieres.fr\/#organization\",\"name\":\"SIVOM de Boussi\u00e8res\",\"url\":\"https:\/\/sivom.sivomdeboussieres.fr\/\",\"logo\":{\"@type\":\"ImageObject\",\"inLanguage\":\"fr-FR\",\"@id\":\"https:\/\/sivom.sivomdeboussieres.fr\/#\/schema\/logo\/image\/\",\"url\":\"https:\/\/sivom.sivomdeboussieres.fr\/wp-content\/uploads\/2024\/09\/cropped-logo-sivom.png\",\"contentUrl\":\"https:\/\/sivom.sivomdeboussieres.fr\/wp-content\/uploads\/2024\/09\/cropped-logo-sivom.png\",\"width\":441,\"height\":131,\"caption\":\"SIVOM de Boussi\u00e8res\"},\"image\":{\"@id\":\"https:\/\/sivom.sivomdeboussieres.fr\/#\/schema\/logo\/image\/\"}}]}<\/script>\n<!-- \/ Yoast SEO plugin. -->","yoast_head_json":{"title":"LE SIVOM","robots":{"index":"index","follow":"follow","max-snippet":"max-snippet:-1","max-image-preview":"max-image-preview:large","max-video-preview":"max-video-preview:-1"},"canonical":"https:\/\/sivom.sivomdeboussieres.fr\/index.php\/le-sivom\/","og_locale":"fr_FR","og_type":"article","og_title":"LE SIVOM","og_description":"L\u2019histoire du SIVOM Le SIVOM de Boussi\u00e8res est un syndicat \u00e0 la carte, avec une comp\u00e9tence obligatoire : l&rsquo;entretien g\u00e9n\u00e9ral des communes, et des comp\u00e9tences optionnelles. Il joue un r\u00f4le essentiel dans le bon fonctionnement et la gestion des services publics locaux pour ses communes membres. Depuis sa cr\u00e9ation en 1977, cet \u00e9tablissement public \u00e0 [&hellip;]","og_url":"https:\/\/sivom.sivomdeboussieres.fr\/index.php\/le-sivom\/","og_site_name":"SIVOM de Boussi\u00e8res","article_modified_time":"2025-04-03T16:39:12+00:00","og_image":[{"width":1928,"height":2560,"url":"https:\/\/sivom.sivomdeboussieres.fr\/wp-content\/uploads\/2024\/09\/1718290091740-scaled.jpg","type":"image\/jpeg"}],"twitter_card":"summary_large_image","twitter_misc":{"Dur\u00e9e de lecture estim\u00e9e":"3 minutes"},"schema":{"@context":"https:\/\/schema.org","@graph":[{"@type":"WebPage","@id":"https:\/\/sivom.sivomdeboussieres.fr\/index.php\/le-sivom\/","url":"https:\/\/sivom.sivomdeboussieres.fr\/index.php\/le-sivom\/","name":"LE SIVOM","isPartOf":{"@id":"https:\/\/sivom.sivomdeboussieres.fr\/#website"},"primaryImageOfPage":{"@id":"https:\/\/sivom.sivomdeboussieres.fr\/index.php\/le-sivom\/#primaryimage"},"image":{"@id":"https:\/\/sivom.sivomdeboussieres.fr\/index.php\/le-sivom\/#primaryimage"},"thumbnailUrl":"https:\/\/sivom.sivomdeboussieres.fr\/wp-content\/uploads\/2024\/09\/1718290091740-scaled.jpg","datePublished":"2024-09-04T15:24:00+00:00","dateModified":"2025-04-03T16:39:12+00:00","breadcrumb":{"@id":"https:\/\/sivom.sivomdeboussieres.fr\/index.php\/le-sivom\/#breadcrumb"},"inLanguage":"fr-FR","potentialAction":[{"@type":"ReadAction","target":["https:\/\/sivom.sivomdeboussieres.fr\/index.php\/le-sivom\/"]}]},{"@type":"ImageObject","inLanguage":"fr-FR","@id":"https:\/\/sivom.sivomdeboussieres.fr\/index.php\/le-sivom\/#primaryimage","url":"https:\/\/sivom.sivomdeboussieres.fr\/wp-content\/uploads\/2024\/09\/1718290091740-scaled.jpg","contentUrl":"https:\/\/sivom.sivomdeboussieres.fr\/wp-content\/uploads\/2024\/09\/1718290091740-scaled.jpg","width":1928,"height":2560},{"@type":"BreadcrumbList","@id":"https:\/\/sivom.sivomdeboussieres.fr\/index.php\/le-sivom\/#breadcrumb","itemListElement":[{"@type":"ListItem","position":1,"name":"Accueil","item":"https:\/\/sivom.sivomdeboussieres.fr\/"},{"@type":"ListItem","position":2,"name":"LE SIVOM"}]},{"@type":"WebSite","@id":"https:\/\/sivom.sivomdeboussieres.fr\/#website","url":"https:\/\/sivom.sivomdeboussieres.fr\/","name":"SIVOM de Boussi\u00e8res","description":"Au service des communes depuis","publisher":{"@id":"https:\/\/sivom.sivomdeboussieres.fr\/#organization"},"potentialAction":[{"@type":"SearchAction","target":{"@type":"EntryPoint","urlTemplate":"https:\/\/sivom.sivomdeboussieres.fr\/?s={search_term_string}"},"query-input":{"@type":"PropertyValueSpecification","valueRequired":true,"valueName":"search_term_string"}}],"inLanguage":"fr-FR"},{"@type":"Organization","@id":"https:\/\/sivom.sivomdeboussieres.fr\/#organization","name":"SIVOM de Boussi\u00e8res","url":"https:\/\/sivom.sivomdeboussieres.fr\/","logo":{"@type":"ImageObject","inLanguage":"fr-FR","@id":"https:\/\/sivom.sivomdeboussieres.fr\/#\/schema\/logo\/image\/","url":"https:\/\/sivom.sivomdeboussieres.fr\/wp-content\/uploads\/2024\/09\/cropped-logo-sivom.png","contentUrl":"https:\/\/sivom.sivomdeboussieres.fr\/wp-content\/uploads\/2024\/09\/cropped-logo-sivom.png","width":441,"height":131,"caption":"SIVOM de Boussi\u00e8res"},"image":{"@id":"https:\/\/sivom.sivomdeboussieres.fr\/#\/schema\/logo\/image\/"}}]}},"_links":{"self":[{"href":"https:\/\/sivom.sivomdeboussieres.fr\/index.php\/wp-json\/wp\/v2\/pages\/41","targetHints":{"allow":["GET"]}}],"collection":[{"href":"https:\/\/sivom.sivomdeboussieres.fr\/index.php\/wp-json\/wp\/v2\/pages"}],"about":[{"href":"https:\/\/sivom.sivomdeboussieres.fr\/index.php\/wp-json\/wp\/v2\/types\/page"}],"author":[{"embeddable":true,"href":"https:\/\/sivom.sivomdeboussieres.fr\/index.php\/wp-json\/wp\/v2\/users\/1"}],"replies":[{"embeddable":true,"href":"https:\/\/sivom.sivomdeboussieres.fr\/index.php\/wp-json\/wp\/v2\/comments?post=41"}],"version-history":[{"count":30,"href":"https:\/\/sivom.sivomdeboussieres.fr\/index.php\/wp-json\/wp\/v2\/pages\/41\/revisions"}],"predecessor-version":[{"id":698,"href":"https:\/\/sivom.sivomdeboussieres.fr\/index.php\/wp-json\/wp\/v2\/pages\/41\/revisions\/698"}],"wp:attachment":[{"href":"https:\/\/sivom.sivomdeboussieres.fr\/index.php\/wp-json\/wp\/v2\/media?parent=41"}],"curies":[{"name":"wp","href":"https:\/\/api.w.org\/{rel}","templated":true}]}}