{"id":177,"date":"2024-09-05T14:32:45","date_gmt":"2024-09-05T12:32:45","guid":{"rendered":"https:\/\/sivom.sivomdeboussieres.fr\/?page_id=177"},"modified":"2024-09-06T13:56:06","modified_gmt":"2024-09-06T11:56:06","slug":"nous-contacter","status":"publish","type":"page","link":"https:\/\/sivom.sivomdeboussieres.fr\/index.php\/nous-contacter\/","title":{"rendered":"Nous contacter"},"content":{"rendered":"\n<h2 class=\"wp-block-heading\">Nous contacter<\/h2>\n\n\n\n<div class=\"forminator-guttenberg\"><div class=\"forminator-ui forminator-custom-form forminator-custom-form-176 forminator-design--default  forminator_ajax\" data-forminator-render=\"0\" data-form=\"forminator-module-176\" data-uid=\"69e7387f3fda2\"><br\/><\/div><form\n\t\t\t\tid=\"forminator-module-176\"\n\t\t\t\tclass=\"forminator-ui forminator-custom-form forminator-custom-form-176 forminator-design--default  forminator_ajax\"\n\t\t\t\tmethod=\"post\"\n\t\t\t\tdata-forminator-render=\"0\"\n\t\t\t\tdata-form-id=\"176\"\n\t\t\t\t\n\t\t\t\tdata-design=\"default\"\n\t\t\t\t\n\t\t\t\t\n\t\t\t\t\n\t\t\t\tdata-grid=\"open\"\n\t\t\t\t\n\t\t\t\t\n\t\t\t\tstyle=\"display: none;\"\n\t\t\t\t\n\t\t\t\tdata-uid=\"69e7387f3fda2\"\n\t\t\t><div role=\"alert\" aria-live=\"polite\" class=\"forminator-response-message forminator-error\" aria-hidden=\"true\"><\/div><div class=\"forminator-row\"><div id=\"name-2\" class=\"forminator-field-name forminator-col forminator-col-6 \"><div class=\"forminator-field\"><label for=\"forminator-field-name-2_69e7387f3fda2\" id=\"forminator-field-name-2_69e7387f3fda2-label\" class=\"forminator-label\">Nom <span class=\"forminator-required\">*<\/span><\/label><input type=\"text\" name=\"name-2\" value=\"\" placeholder=\"Par exemple\u00a0:  Martin\" id=\"forminator-field-name-2_69e7387f3fda2\" class=\"forminator-input forminator-name--field\" aria-required=\"true\" \/><\/div><\/div><div id=\"name-1\" class=\"forminator-field-name forminator-col forminator-col-6 \"><div class=\"forminator-field\"><label for=\"forminator-field-name-1_69e7387f3fda2\" id=\"forminator-field-name-1_69e7387f3fda2-label\" class=\"forminator-label\">Pr\u00e9nom <span class=\"forminator-required\">*<\/span><\/label><input type=\"text\" name=\"name-1\" value=\"\" placeholder=\"Par exemple\u00a0: Jean\" id=\"forminator-field-name-1_69e7387f3fda2\" class=\"forminator-input forminator-name--field\" aria-required=\"true\" \/><\/div><\/div><\/div><div class=\"forminator-row\"><div id=\"email-1\" class=\"forminator-field-email forminator-col forminator-col-12 \"><div class=\"forminator-field\"><label for=\"forminator-field-email-1_69e7387f3fda2\" id=\"forminator-field-email-1_69e7387f3fda2-label\" class=\"forminator-label\">Adresse de messagerie <span class=\"forminator-required\">*<\/span><\/label><input type=\"email\" name=\"email-1\" value=\"\" placeholder=\"Par exemple\u00a0: jacques@martin.com\" id=\"forminator-field-email-1_69e7387f3fda2\" class=\"forminator-input forminator-email--field\" data-required=\"true\" aria-required=\"true\" \/><\/div><\/div><\/div><div class=\"forminator-row\"><div id=\"phone-1\" class=\"forminator-field-phone forminator-col forminator-col-12 \"><div class=\"forminator-field\"><label for=\"forminator-field-phone-1_69e7387f3fda2\" id=\"forminator-field-phone-1_69e7387f3fda2-label\" class=\"forminator-label\">Num\u00e9ro de t\u00e9l\u00e9phone<\/label><input type=\"text\" name=\"phone-1\" value=\"\" placeholder=\"Par exemple\u00a0: +1 02 03 04 05\" id=\"forminator-field-phone-1_69e7387f3fda2\" class=\"forminator-input forminator-field--phone\" data-required=\"\" aria-required=\"false\" autocomplete=\"off\" \/><\/div><\/div><\/div><div class=\"forminator-row\"><div id=\"textarea-1\" class=\"forminator-field-textarea forminator-col forminator-col-12 \"><div class=\"forminator-field\"><label for=\"forminator-field-textarea-1_69e7387f3fda2\" id=\"forminator-field-textarea-1_69e7387f3fda2-label\" class=\"forminator-label\">Message<\/label><textarea name=\"textarea-1\" placeholder=\"Saisissez votre message\u2026\" id=\"forminator-field-textarea-1_69e7387f3fda2\" class=\"forminator-textarea\" rows=\"6\" style=\"min-height:140px;\" maxlength=\"180\" ><\/textarea><span id=\"forminator-field-textarea-1_69e7387f3fda2-description\" class=\"forminator-description\"><span data-limit=\"180\" data-type=\"characters\" data-editor=\"\">0 \/ 180<\/span><\/span><\/div><\/div><\/div><input type=\"hidden\" name=\"referer_url\" value=\"\" \/><div class=\"forminator-row forminator-row-last\"><div class=\"forminator-col\"><div class=\"forminator-field\"><button class=\"forminator-button forminator-button-submit\">Envoyer le message<\/button><\/div><\/div><\/div><input type=\"hidden\" id=\"forminator_nonce\" name=\"forminator_nonce\" value=\"25794768d2\" \/><input type=\"hidden\" name=\"_wp_http_referer\" value=\"\/index.php\/wp-json\/wp\/v2\/pages\/177\" \/><input type=\"hidden\" name=\"form_id\" value=\"176\"><input type=\"hidden\" name=\"page_id\" value=\"177\"><input type=\"hidden\" name=\"form_type\" value=\"default\"><input type=\"hidden\" name=\"current_url\" value=\"https:\/\/sivom.sivomdeboussieres.fr\/index.php\/nous-contacter\/\"><input type=\"hidden\" name=\"render_id\" value=\"0\"><input type=\"hidden\" name=\"action\" value=\"forminator_submit_form_custom-forms\"><\/form><\/div>\n\n\n\n<p><\/p>\n\n\n\n<p><\/p>\n","protected":false},"excerpt":{"rendered":"<p>Nous contacter<\/p>\n","protected":false},"author":2,"featured_media":0,"parent":0,"menu_order":0,"comment_status":"closed","ping_status":"closed","template":"","meta":{"_eb_attr":"","site-sidebar-layout":"default","site-content-layout":"","ast-site-content-layout":"","site-content-style":"default","site-sidebar-style":"default","ast-global-header-display":"","ast-banner-title-visibility":"","ast-main-header-display":"","ast-hfb-above-header-display":"","ast-hfb-below-header-display":"","ast-hfb-mobile-header-display":"","site-post-title":"disabled","ast-breadcrumbs-content":"","ast-featured-img":"","footer-sml-layout":"","theme-transparent-header-meta":"","adv-header-id-meta":"","stick-header-meta":"","header-above-stick-meta":"","header-main-stick-meta":"","header-below-stick-meta":"","astra-migrate-meta-layouts":"default","ast-page-background-enabled":"default","ast-page-background-meta":{"desktop":{"background-color":"var(--ast-global-color-4)","background-image":"","background-repeat":"repeat","background-position":"center center","background-size":"auto","background-attachment":"scroll","background-type":"","background-media":"","overlay-type":"","overlay-color":"","overlay-opacity":"","overlay-gradient":""},"tablet":{"background-color":"","background-image":"","background-repeat":"repeat","background-position":"center center","background-size":"auto","background-attachment":"scroll","background-type":"","background-media":"","overlay-type":"","overlay-color":"","overlay-opacity":"","overlay-gradient":""},"mobile":{"background-color":"","background-image":"","background-repeat":"repeat","background-position":"center center","background-size":"auto","background-attachment":"scroll","background-type":"","background-media":"","overlay-type":"","overlay-color":"","overlay-opacity":"","overlay-gradient":""}},"ast-content-background-meta":{"desktop":{"background-color":"var(--ast-global-color-5)","background-image":"","background-repeat":"repeat","background-position":"center center","background-size":"auto","background-attachment":"scroll","background-type":"","background-media":"","overlay-type":"","overlay-color":"","overlay-opacity":"","overlay-gradient":""},"tablet":{"background-color":"var(--ast-global-color-5)","background-image":"","background-repeat":"repeat","background-position":"center center","background-size":"auto","background-attachment":"scroll","background-type":"","background-media":"","overlay-type":"","overlay-color":"","overlay-opacity":"","overlay-gradient":""},"mobile":{"background-color":"var(--ast-global-color-5)","background-image":"","background-repeat":"repeat","background-position":"center center","background-size":"auto","background-attachment":"scroll","background-type":"","background-media":"","overlay-type":"","overlay-color":"","overlay-opacity":"","overlay-gradient":""}},"footnotes":""},"class_list":["post-177","page","type-page","status-publish","hentry"],"yoast_head":"<!-- This site is optimized with the Yoast SEO plugin v24.8 - https:\/\/yoast.com\/wordpress\/plugins\/seo\/ -->\n<title>Nous contacter - SIVOM de Boussi\u00e8res<\/title>\n<meta name=\"robots\" content=\"index, follow, max-snippet:-1, max-image-preview:large, max-video-preview:-1\" \/>\n<link rel=\"canonical\" href=\"https:\/\/sivom.sivomdeboussieres.fr\/index.php\/nous-contacter\/\" \/>\n<meta property=\"og:locale\" content=\"fr_FR\" \/>\n<meta property=\"og:type\" content=\"article\" \/>\n<meta property=\"og:title\" content=\"Nous contacter - SIVOM de Boussi\u00e8res\" \/>\n<meta property=\"og:description\" content=\"Nous contacter\" \/>\n<meta property=\"og:url\" content=\"https:\/\/sivom.sivomdeboussieres.fr\/index.php\/nous-contacter\/\" \/>\n<meta property=\"og:site_name\" content=\"SIVOM de Boussi\u00e8res\" \/>\n<meta property=\"article:modified_time\" content=\"2024-09-06T11:56:06+00:00\" \/>\n<meta name=\"twitter:card\" content=\"summary_large_image\" \/>\n<meta name=\"twitter:label1\" content=\"Dur\u00e9e de lecture estim\u00e9e\" \/>\n\t<meta name=\"twitter:data1\" content=\"1 minute\" \/>\n<script type=\"application\/ld+json\" class=\"yoast-schema-graph\">{\"@context\":\"https:\/\/schema.org\",\"@graph\":[{\"@type\":\"WebPage\",\"@id\":\"https:\/\/sivom.sivomdeboussieres.fr\/index.php\/nous-contacter\/\",\"url\":\"https:\/\/sivom.sivomdeboussieres.fr\/index.php\/nous-contacter\/\",\"name\":\"Nous contacter - SIVOM de Boussi\u00e8res\",\"isPartOf\":{\"@id\":\"https:\/\/sivom.sivomdeboussieres.fr\/#website\"},\"datePublished\":\"2024-09-05T12:32:45+00:00\",\"dateModified\":\"2024-09-06T11:56:06+00:00\",\"breadcrumb\":{\"@id\":\"https:\/\/sivom.sivomdeboussieres.fr\/index.php\/nous-contacter\/#breadcrumb\"},\"inLanguage\":\"fr-FR\",\"potentialAction\":[{\"@type\":\"ReadAction\",\"target\":[\"https:\/\/sivom.sivomdeboussieres.fr\/index.php\/nous-contacter\/\"]}]},{\"@type\":\"BreadcrumbList\",\"@id\":\"https:\/\/sivom.sivomdeboussieres.fr\/index.php\/nous-contacter\/#breadcrumb\",\"itemListElement\":[{\"@type\":\"ListItem\",\"position\":1,\"name\":\"Accueil\",\"item\":\"https:\/\/sivom.sivomdeboussieres.fr\/\"},{\"@type\":\"ListItem\",\"position\":2,\"name\":\"Nous contacter\"}]},{\"@type\":\"WebSite\",\"@id\":\"https:\/\/sivom.sivomdeboussieres.fr\/#website\",\"url\":\"https:\/\/sivom.sivomdeboussieres.fr\/\",\"name\":\"SIVOM de Boussi\u00e8res\",\"description\":\"Au service des communes depuis\",\"publisher\":{\"@id\":\"https:\/\/sivom.sivomdeboussieres.fr\/#organization\"},\"potentialAction\":[{\"@type\":\"SearchAction\",\"target\":{\"@type\":\"EntryPoint\",\"urlTemplate\":\"https:\/\/sivom.sivomdeboussieres.fr\/?s={search_term_string}\"},\"query-input\":{\"@type\":\"PropertyValueSpecification\",\"valueRequired\":true,\"valueName\":\"search_term_string\"}}],\"inLanguage\":\"fr-FR\"},{\"@type\":\"Organization\",\"@id\":\"https:\/\/sivom.sivomdeboussieres.fr\/#organization\",\"name\":\"SIVOM de Boussi\u00e8res\",\"url\":\"https:\/\/sivom.sivomdeboussieres.fr\/\",\"logo\":{\"@type\":\"ImageObject\",\"inLanguage\":\"fr-FR\",\"@id\":\"https:\/\/sivom.sivomdeboussieres.fr\/#\/schema\/logo\/image\/\",\"url\":\"https:\/\/sivom.sivomdeboussieres.fr\/wp-content\/uploads\/2024\/09\/cropped-logo-sivom.png\",\"contentUrl\":\"https:\/\/sivom.sivomdeboussieres.fr\/wp-content\/uploads\/2024\/09\/cropped-logo-sivom.png\",\"width\":441,\"height\":131,\"caption\":\"SIVOM de Boussi\u00e8res\"},\"image\":{\"@id\":\"https:\/\/sivom.sivomdeboussieres.fr\/#\/schema\/logo\/image\/\"}}]}<\/script>\n<!-- \/ Yoast SEO plugin. -->","yoast_head_json":{"title":"Nous contacter - SIVOM de Boussi\u00e8res","robots":{"index":"index","follow":"follow","max-snippet":"max-snippet:-1","max-image-preview":"max-image-preview:large","max-video-preview":"max-video-preview:-1"},"canonical":"https:\/\/sivom.sivomdeboussieres.fr\/index.php\/nous-contacter\/","og_locale":"fr_FR","og_type":"article","og_title":"Nous contacter - SIVOM de Boussi\u00e8res","og_description":"Nous contacter","og_url":"https:\/\/sivom.sivomdeboussieres.fr\/index.php\/nous-contacter\/","og_site_name":"SIVOM de Boussi\u00e8res","article_modified_time":"2024-09-06T11:56:06+00:00","twitter_card":"summary_large_image","twitter_misc":{"Dur\u00e9e de lecture estim\u00e9e":"1 minute"},"schema":{"@context":"https:\/\/schema.org","@graph":[{"@type":"WebPage","@id":"https:\/\/sivom.sivomdeboussieres.fr\/index.php\/nous-contacter\/","url":"https:\/\/sivom.sivomdeboussieres.fr\/index.php\/nous-contacter\/","name":"Nous contacter - SIVOM de Boussi\u00e8res","isPartOf":{"@id":"https:\/\/sivom.sivomdeboussieres.fr\/#website"},"datePublished":"2024-09-05T12:32:45+00:00","dateModified":"2024-09-06T11:56:06+00:00","breadcrumb":{"@id":"https:\/\/sivom.sivomdeboussieres.fr\/index.php\/nous-contacter\/#breadcrumb"},"inLanguage":"fr-FR","potentialAction":[{"@type":"ReadAction","target":["https:\/\/sivom.sivomdeboussieres.fr\/index.php\/nous-contacter\/"]}]},{"@type":"BreadcrumbList","@id":"https:\/\/sivom.sivomdeboussieres.fr\/index.php\/nous-contacter\/#breadcrumb","itemListElement":[{"@type":"ListItem","position":1,"name":"Accueil","item":"https:\/\/sivom.sivomdeboussieres.fr\/"},{"@type":"ListItem","position":2,"name":"Nous contacter"}]},{"@type":"WebSite","@id":"https:\/\/sivom.sivomdeboussieres.fr\/#website","url":"https:\/\/sivom.sivomdeboussieres.fr\/","name":"SIVOM de Boussi\u00e8res","description":"Au service des communes depuis","publisher":{"@id":"https:\/\/sivom.sivomdeboussieres.fr\/#organization"},"potentialAction":[{"@type":"SearchAction","target":{"@type":"EntryPoint","urlTemplate":"https:\/\/sivom.sivomdeboussieres.fr\/?s={search_term_string}"},"query-input":{"@type":"PropertyValueSpecification","valueRequired":true,"valueName":"search_term_string"}}],"inLanguage":"fr-FR"},{"@type":"Organization","@id":"https:\/\/sivom.sivomdeboussieres.fr\/#organization","name":"SIVOM de Boussi\u00e8res","url":"https:\/\/sivom.sivomdeboussieres.fr\/","logo":{"@type":"ImageObject","inLanguage":"fr-FR","@id":"https:\/\/sivom.sivomdeboussieres.fr\/#\/schema\/logo\/image\/","url":"https:\/\/sivom.sivomdeboussieres.fr\/wp-content\/uploads\/2024\/09\/cropped-logo-sivom.png","contentUrl":"https:\/\/sivom.sivomdeboussieres.fr\/wp-content\/uploads\/2024\/09\/cropped-logo-sivom.png","width":441,"height":131,"caption":"SIVOM de Boussi\u00e8res"},"image":{"@id":"https:\/\/sivom.sivomdeboussieres.fr\/#\/schema\/logo\/image\/"}}]}},"_links":{"self":[{"href":"https:\/\/sivom.sivomdeboussieres.fr\/index.php\/wp-json\/wp\/v2\/pages\/177","targetHints":{"allow":["GET"]}}],"collection":[{"href":"https:\/\/sivom.sivomdeboussieres.fr\/index.php\/wp-json\/wp\/v2\/pages"}],"about":[{"href":"https:\/\/sivom.sivomdeboussieres.fr\/index.php\/wp-json\/wp\/v2\/types\/page"}],"author":[{"embeddable":true,"href":"https:\/\/sivom.sivomdeboussieres.fr\/index.php\/wp-json\/wp\/v2\/users\/2"}],"replies":[{"embeddable":true,"href":"https:\/\/sivom.sivomdeboussieres.fr\/index.php\/wp-json\/wp\/v2\/comments?post=177"}],"version-history":[{"count":11,"href":"https:\/\/sivom.sivomdeboussieres.fr\/index.php\/wp-json\/wp\/v2\/pages\/177\/revisions"}],"predecessor-version":[{"id":431,"href":"https:\/\/sivom.sivomdeboussieres.fr\/index.php\/wp-json\/wp\/v2\/pages\/177\/revisions\/431"}],"wp:attachment":[{"href":"https:\/\/sivom.sivomdeboussieres.fr\/index.php\/wp-json\/wp\/v2\/media?parent=177"}],"curies":[{"name":"wp","href":"https:\/\/api.w.org\/{rel}","templated":true}]}}