{"id":135,"date":"2024-09-04T19:38:21","date_gmt":"2024-09-04T17:38:21","guid":{"rendered":"https:\/\/sivom.sivomdeboussieres.fr\/?page_id=135"},"modified":"2025-03-31T17:47:06","modified_gmt":"2025-03-31T15:47:06","slug":"mentions-legales","status":"publish","type":"page","link":"https:\/\/sivom.sivomdeboussieres.fr\/index.php\/mentions-legales\/","title":{"rendered":"Mentions l\u00e9gales"},"content":{"rendered":"\n<h2 class=\"wp-block-heading\"><strong>Mentions L\u00e9gales<\/strong><\/h2>\n\n\n\n<h3 class=\"wp-block-heading\"><strong>1. \u00c9diteur du site<\/strong><\/h3>\n\n\n\n<p>Le site est \u00e9dit\u00e9 par : SIVOM de Boussi\u00e8res<br>Adresse : 2 rue du Bosquet, 25320 BOUSSI\u00c8RES<\/p>\n\n\n\n<h3 class=\"wp-block-heading\"><strong>2. H\u00e9bergement du site<\/strong><\/h3>\n\n\n\n<p>Le site est h\u00e9berg\u00e9 par : OVH<br>Si\u00e8ge social : 2 rue Kellermann, 59100 Roubaix, France<br>Site web : <a href=\"https:\/\/www.ovh.com\">www.ovh.com<\/a><\/p>\n\n\n\n<h3 class=\"wp-block-heading\"><strong>3. Propri\u00e9t\u00e9 intellectuelle<\/strong><\/h3>\n\n\n\n<p>L\u2019ensemble du contenu du site (textes, images, graphismes, logo, etc.) est prot\u00e9g\u00e9 par les lois en vigueur sur la propri\u00e9t\u00e9 intellectuelle et reste la propri\u00e9t\u00e9 exclusive du SIVOM de Boussi\u00e8res ou de ses partenaires. Toute reproduction, repr\u00e9sentation, modification ou exploitation, totale ou partielle, du site sans autorisation pr\u00e9alable est strictement interdite.<\/p>\n\n\n\n<h3 class=\"wp-block-heading\"><strong>4. Responsabilit\u00e9<\/strong><\/h3>\n\n\n\n<p>Le SIVOM de Boussi\u00e8res s\u2019efforce de fournir des informations pr\u00e9cises et mises \u00e0 jour sur son site. Toutefois, il ne peut garantir l\u2019exactitude, la compl\u00e9tude ou la mise \u00e0 jour des informations diffus\u00e9es. L\u2019utilisateur est seul responsable de l\u2019usage qu\u2019il fait des informations disponibles sur le site.<\/p>\n\n\n\n<h3 class=\"wp-block-heading\"><strong>5. Protection des donn\u00e9es personnelles<\/strong><\/h3>\n\n\n\n<p>Le site peut collecter des donn\u00e9es personnelles conform\u00e9ment aux obligations du R\u00e8glement G\u00e9n\u00e9ral sur la Protection des Donn\u00e9es (RGPD). L\u2019utilisateur dispose d\u2019un droit d\u2019acc\u00e8s, de rectification et de suppression de ses donn\u00e9es en contactant le SIVOM de Boussi\u00e8res par courrier \u00e0 l\u2019adresse mentionn\u00e9e ci-dessus.<\/p>\n\n\n\n<h3 class=\"wp-block-heading\"><strong>6. Cookies<\/strong><\/h3>\n\n\n\n<p>Le site n\u2019utilise que des cookies strictement n\u00e9cessaires \u00e0 son bon fonctionnement et ne collecte aucun cookie de suivi ou publicitaire. Par cons\u00e9quent, aucun consentement sp\u00e9cifique n\u2019est requis de la part des utilisateurs.<\/p>\n\n\n\n<h3 class=\"wp-block-heading\"><strong>7. Contact<\/strong><\/h3>\n\n\n\n<p>Pour toute question ou r\u00e9clamation concernant le site, vous pouvez contacter le SIVOM de Boussi\u00e8res \u00e0 l\u2019adresse postale mentionn\u00e9e ci-dessus ou par t\u00e9l\u00e9phone au 03 81 56 66 07.<\/p>\n","protected":false},"excerpt":{"rendered":"<p>Mentions L\u00e9gales 1. \u00c9diteur du site Le site est \u00e9dit\u00e9 par : SIVOM de Boussi\u00e8resAdresse : 2 rue du Bosquet, 25320 BOUSSI\u00c8RES 2. H\u00e9bergement du site Le site est h\u00e9berg\u00e9 par : OVHSi\u00e8ge social : 2 rue Kellermann, 59100 Roubaix, FranceSite web : www.ovh.com 3. Propri\u00e9t\u00e9 intellectuelle L\u2019ensemble du contenu du site (textes, images, graphismes, [&hellip;]<\/p>\n","protected":false},"author":1,"featured_media":0,"parent":0,"menu_order":0,"comment_status":"closed","ping_status":"closed","template":"","meta":{"_eb_attr":"","site-sidebar-layout":"default","site-content-layout":"","ast-site-content-layout":"","site-content-style":"default","site-sidebar-style":"default","ast-global-header-display":"","ast-banner-title-visibility":"","ast-main-header-display":"","ast-hfb-above-header-display":"","ast-hfb-below-header-display":"","ast-hfb-mobile-header-display":"","site-post-title":"disabled","ast-breadcrumbs-content":"","ast-featured-img":"","footer-sml-layout":"","theme-transparent-header-meta":"","adv-header-id-meta":"","stick-header-meta":"","header-above-stick-meta":"","header-main-stick-meta":"","header-below-stick-meta":"","astra-migrate-meta-layouts":"default","ast-page-background-enabled":"default","ast-page-background-meta":{"desktop":{"background-color":"var(--ast-global-color-4)","background-image":"","background-repeat":"repeat","background-position":"center center","background-size":"auto","background-attachment":"scroll","background-type":"","background-media":"","overlay-type":"","overlay-color":"","overlay-opacity":"","overlay-gradient":""},"tablet":{"background-color":"","background-image":"","background-repeat":"repeat","background-position":"center center","background-size":"auto","background-attachment":"scroll","background-type":"","background-media":"","overlay-type":"","overlay-color":"","overlay-opacity":"","overlay-gradient":""},"mobile":{"background-color":"","background-image":"","background-repeat":"repeat","background-position":"center center","background-size":"auto","background-attachment":"scroll","background-type":"","background-media":"","overlay-type":"","overlay-color":"","overlay-opacity":"","overlay-gradient":""}},"ast-content-background-meta":{"desktop":{"background-color":"var(--ast-global-color-5)","background-image":"","background-repeat":"repeat","background-position":"center center","background-size":"auto","background-attachment":"scroll","background-type":"","background-media":"","overlay-type":"","overlay-color":"","overlay-opacity":"","overlay-gradient":""},"tablet":{"background-color":"var(--ast-global-color-5)","background-image":"","background-repeat":"repeat","background-position":"center center","background-size":"auto","background-attachment":"scroll","background-type":"","background-media":"","overlay-type":"","overlay-color":"","overlay-opacity":"","overlay-gradient":""},"mobile":{"background-color":"var(--ast-global-color-5)","background-image":"","background-repeat":"repeat","background-position":"center center","background-size":"auto","background-attachment":"scroll","background-type":"","background-media":"","overlay-type":"","overlay-color":"","overlay-opacity":"","overlay-gradient":""}},"footnotes":""},"class_list":["post-135","page","type-page","status-publish","hentry"],"yoast_head":"<!-- This site is optimized with the Yoast SEO plugin v24.8 - https:\/\/yoast.com\/wordpress\/plugins\/seo\/ -->\n<title>Mentions l\u00e9gales<\/title>\n<meta name=\"robots\" content=\"index, follow, max-snippet:-1, max-image-preview:large, max-video-preview:-1\" \/>\n<link rel=\"canonical\" href=\"https:\/\/sivom.sivomdeboussieres.fr\/index.php\/mentions-legales\/\" \/>\n<meta property=\"og:locale\" content=\"fr_FR\" \/>\n<meta property=\"og:type\" content=\"article\" \/>\n<meta property=\"og:title\" content=\"Mentions l\u00e9gales\" \/>\n<meta property=\"og:description\" content=\"Mentions L\u00e9gales 1. \u00c9diteur du site Le site est \u00e9dit\u00e9 par : SIVOM de Boussi\u00e8resAdresse : 2 rue du Bosquet, 25320 BOUSSI\u00c8RES 2. H\u00e9bergement du site Le site est h\u00e9berg\u00e9 par : OVHSi\u00e8ge social : 2 rue Kellermann, 59100 Roubaix, FranceSite web : www.ovh.com 3. Propri\u00e9t\u00e9 intellectuelle L\u2019ensemble du contenu du site (textes, images, graphismes, [&hellip;]\" \/>\n<meta property=\"og:url\" content=\"https:\/\/sivom.sivomdeboussieres.fr\/index.php\/mentions-legales\/\" \/>\n<meta property=\"og:site_name\" content=\"SIVOM de Boussi\u00e8res\" \/>\n<meta property=\"article:modified_time\" content=\"2025-03-31T15:47:06+00:00\" \/>\n<meta name=\"twitter:card\" content=\"summary_large_image\" \/>\n<meta name=\"twitter:label1\" content=\"Dur\u00e9e de lecture estim\u00e9e\" \/>\n\t<meta name=\"twitter:data1\" content=\"2 minutes\" \/>\n<script type=\"application\/ld+json\" class=\"yoast-schema-graph\">{\"@context\":\"https:\/\/schema.org\",\"@graph\":[{\"@type\":\"WebPage\",\"@id\":\"https:\/\/sivom.sivomdeboussieres.fr\/index.php\/mentions-legales\/\",\"url\":\"https:\/\/sivom.sivomdeboussieres.fr\/index.php\/mentions-legales\/\",\"name\":\"Mentions l\u00e9gales\",\"isPartOf\":{\"@id\":\"https:\/\/sivom.sivomdeboussieres.fr\/#website\"},\"datePublished\":\"2024-09-04T17:38:21+00:00\",\"dateModified\":\"2025-03-31T15:47:06+00:00\",\"breadcrumb\":{\"@id\":\"https:\/\/sivom.sivomdeboussieres.fr\/index.php\/mentions-legales\/#breadcrumb\"},\"inLanguage\":\"fr-FR\",\"potentialAction\":[{\"@type\":\"ReadAction\",\"target\":[\"https:\/\/sivom.sivomdeboussieres.fr\/index.php\/mentions-legales\/\"]}]},{\"@type\":\"BreadcrumbList\",\"@id\":\"https:\/\/sivom.sivomdeboussieres.fr\/index.php\/mentions-legales\/#breadcrumb\",\"itemListElement\":[{\"@type\":\"ListItem\",\"position\":1,\"name\":\"Accueil\",\"item\":\"https:\/\/sivom.sivomdeboussieres.fr\/\"},{\"@type\":\"ListItem\",\"position\":2,\"name\":\"Mentions l\u00e9gales\"}]},{\"@type\":\"WebSite\",\"@id\":\"https:\/\/sivom.sivomdeboussieres.fr\/#website\",\"url\":\"https:\/\/sivom.sivomdeboussieres.fr\/\",\"name\":\"SIVOM de Boussi\u00e8res\",\"description\":\"Au service des communes depuis\",\"publisher\":{\"@id\":\"https:\/\/sivom.sivomdeboussieres.fr\/#organization\"},\"potentialAction\":[{\"@type\":\"SearchAction\",\"target\":{\"@type\":\"EntryPoint\",\"urlTemplate\":\"https:\/\/sivom.sivomdeboussieres.fr\/?s={search_term_string}\"},\"query-input\":{\"@type\":\"PropertyValueSpecification\",\"valueRequired\":true,\"valueName\":\"search_term_string\"}}],\"inLanguage\":\"fr-FR\"},{\"@type\":\"Organization\",\"@id\":\"https:\/\/sivom.sivomdeboussieres.fr\/#organization\",\"name\":\"SIVOM de Boussi\u00e8res\",\"url\":\"https:\/\/sivom.sivomdeboussieres.fr\/\",\"logo\":{\"@type\":\"ImageObject\",\"inLanguage\":\"fr-FR\",\"@id\":\"https:\/\/sivom.sivomdeboussieres.fr\/#\/schema\/logo\/image\/\",\"url\":\"https:\/\/sivom.sivomdeboussieres.fr\/wp-content\/uploads\/2024\/09\/cropped-logo-sivom.png\",\"contentUrl\":\"https:\/\/sivom.sivomdeboussieres.fr\/wp-content\/uploads\/2024\/09\/cropped-logo-sivom.png\",\"width\":441,\"height\":131,\"caption\":\"SIVOM de Boussi\u00e8res\"},\"image\":{\"@id\":\"https:\/\/sivom.sivomdeboussieres.fr\/#\/schema\/logo\/image\/\"}}]}<\/script>\n<!-- \/ Yoast SEO plugin. -->","yoast_head_json":{"title":"Mentions l\u00e9gales","robots":{"index":"index","follow":"follow","max-snippet":"max-snippet:-1","max-image-preview":"max-image-preview:large","max-video-preview":"max-video-preview:-1"},"canonical":"https:\/\/sivom.sivomdeboussieres.fr\/index.php\/mentions-legales\/","og_locale":"fr_FR","og_type":"article","og_title":"Mentions l\u00e9gales","og_description":"Mentions L\u00e9gales 1. \u00c9diteur du site Le site est \u00e9dit\u00e9 par : SIVOM de Boussi\u00e8resAdresse : 2 rue du Bosquet, 25320 BOUSSI\u00c8RES 2. H\u00e9bergement du site Le site est h\u00e9berg\u00e9 par : OVHSi\u00e8ge social : 2 rue Kellermann, 59100 Roubaix, FranceSite web : www.ovh.com 3. Propri\u00e9t\u00e9 intellectuelle L\u2019ensemble du contenu du site (textes, images, graphismes, [&hellip;]","og_url":"https:\/\/sivom.sivomdeboussieres.fr\/index.php\/mentions-legales\/","og_site_name":"SIVOM de Boussi\u00e8res","article_modified_time":"2025-03-31T15:47:06+00:00","twitter_card":"summary_large_image","twitter_misc":{"Dur\u00e9e de lecture estim\u00e9e":"2 minutes"},"schema":{"@context":"https:\/\/schema.org","@graph":[{"@type":"WebPage","@id":"https:\/\/sivom.sivomdeboussieres.fr\/index.php\/mentions-legales\/","url":"https:\/\/sivom.sivomdeboussieres.fr\/index.php\/mentions-legales\/","name":"Mentions l\u00e9gales","isPartOf":{"@id":"https:\/\/sivom.sivomdeboussieres.fr\/#website"},"datePublished":"2024-09-04T17:38:21+00:00","dateModified":"2025-03-31T15:47:06+00:00","breadcrumb":{"@id":"https:\/\/sivom.sivomdeboussieres.fr\/index.php\/mentions-legales\/#breadcrumb"},"inLanguage":"fr-FR","potentialAction":[{"@type":"ReadAction","target":["https:\/\/sivom.sivomdeboussieres.fr\/index.php\/mentions-legales\/"]}]},{"@type":"BreadcrumbList","@id":"https:\/\/sivom.sivomdeboussieres.fr\/index.php\/mentions-legales\/#breadcrumb","itemListElement":[{"@type":"ListItem","position":1,"name":"Accueil","item":"https:\/\/sivom.sivomdeboussieres.fr\/"},{"@type":"ListItem","position":2,"name":"Mentions l\u00e9gales"}]},{"@type":"WebSite","@id":"https:\/\/sivom.sivomdeboussieres.fr\/#website","url":"https:\/\/sivom.sivomdeboussieres.fr\/","name":"SIVOM de Boussi\u00e8res","description":"Au service des communes depuis","publisher":{"@id":"https:\/\/sivom.sivomdeboussieres.fr\/#organization"},"potentialAction":[{"@type":"SearchAction","target":{"@type":"EntryPoint","urlTemplate":"https:\/\/sivom.sivomdeboussieres.fr\/?s={search_term_string}"},"query-input":{"@type":"PropertyValueSpecification","valueRequired":true,"valueName":"search_term_string"}}],"inLanguage":"fr-FR"},{"@type":"Organization","@id":"https:\/\/sivom.sivomdeboussieres.fr\/#organization","name":"SIVOM de Boussi\u00e8res","url":"https:\/\/sivom.sivomdeboussieres.fr\/","logo":{"@type":"ImageObject","inLanguage":"fr-FR","@id":"https:\/\/sivom.sivomdeboussieres.fr\/#\/schema\/logo\/image\/","url":"https:\/\/sivom.sivomdeboussieres.fr\/wp-content\/uploads\/2024\/09\/cropped-logo-sivom.png","contentUrl":"https:\/\/sivom.sivomdeboussieres.fr\/wp-content\/uploads\/2024\/09\/cropped-logo-sivom.png","width":441,"height":131,"caption":"SIVOM de Boussi\u00e8res"},"image":{"@id":"https:\/\/sivom.sivomdeboussieres.fr\/#\/schema\/logo\/image\/"}}]}},"_links":{"self":[{"href":"https:\/\/sivom.sivomdeboussieres.fr\/index.php\/wp-json\/wp\/v2\/pages\/135","targetHints":{"allow":["GET"]}}],"collection":[{"href":"https:\/\/sivom.sivomdeboussieres.fr\/index.php\/wp-json\/wp\/v2\/pages"}],"about":[{"href":"https:\/\/sivom.sivomdeboussieres.fr\/index.php\/wp-json\/wp\/v2\/types\/page"}],"author":[{"embeddable":true,"href":"https:\/\/sivom.sivomdeboussieres.fr\/index.php\/wp-json\/wp\/v2\/users\/1"}],"replies":[{"embeddable":true,"href":"https:\/\/sivom.sivomdeboussieres.fr\/index.php\/wp-json\/wp\/v2\/comments?post=135"}],"version-history":[{"count":3,"href":"https:\/\/sivom.sivomdeboussieres.fr\/index.php\/wp-json\/wp\/v2\/pages\/135\/revisions"}],"predecessor-version":[{"id":602,"href":"https:\/\/sivom.sivomdeboussieres.fr\/index.php\/wp-json\/wp\/v2\/pages\/135\/revisions\/602"}],"wp:attachment":[{"href":"https:\/\/sivom.sivomdeboussieres.fr\/index.php\/wp-json\/wp\/v2\/media?parent=135"}],"curies":[{"name":"wp","href":"https:\/\/api.w.org\/{rel}","templated":true}]}}